{"id":63,"date":"2026-04-11T17:24:32","date_gmt":"2026-04-11T17:24:32","guid":{"rendered":"https:\/\/rbgphat.cluster021.hosting.ovh.net\/?page_id=63"},"modified":"2026-04-17T18:35:09","modified_gmt":"2026-04-17T18:35:09","slug":"home-page","status":"publish","type":"page","link":"https:\/\/lmartetbois.fr\/","title":{"rendered":"Home page"},"content":{"rendered":"\t\t<div data-elementor-type=\"wp-page\" data-elementor-id=\"63\" class=\"elementor elementor-63\">\n\t\t\t\t<div class=\"elementor-element elementor-element-3769ffb e-flex e-con-boxed wpr-particle-no wpr-sticky-section-no wpr-equal-height-no e-con e-parent\" data-id=\"3769ffb\" data-element_type=\"container\" data-e-type=\"container\" data-settings=\"{&quot;background_background&quot;:&quot;classic&quot;}\">\n\t\t\t\t\t<div class=\"e-con-inner\">\n\t\t<div class=\"elementor-element elementor-element-50547c6 e-con-full e-flex wpr-particle-no wpr-jarallax-no wpr-parallax-no wpr-sticky-section-no wpr-equal-height-no e-con e-child\" data-id=\"50547c6\" data-element_type=\"container\" data-e-type=\"container\">\n\t\t\t\t<div class=\"elementor-element elementor-element-1b60fdf elementor-widget elementor-widget-heading\" data-id=\"1b60fdf\" data-element_type=\"widget\" data-e-type=\"widget\" data-widget_type=\"heading.default\">\n\t\t\t\t\t<h2 class=\"elementor-heading-title elementor-size-default\">Menuiserie en C\u00f4tes-d'Armor<\/h2>\t\t\t\t<\/div>\n\t\t\t\t<div class=\"elementor-element elementor-element-f091079 elementor-widget__width-initial elementor-widget elementor-widget-text-editor\" data-id=\"f091079\" data-element_type=\"widget\" data-e-type=\"widget\" data-widget_type=\"text-editor.default\">\n\t\t\t\t\t\t\t\t\t<p>Artisan cr\u00e9ateur, je donne une seconde vie au bois \u00e0 travers des meubles sur mesure, des lampes design et des am\u00e9nagements int\u00e9rieur et ext\u00e9rieur respectueux de l&rsquo;environnement.<\/p>\t\t\t\t\t\t\t\t<\/div>\n\t\t\t\t<div class=\"elementor-element elementor-element-c0ecf43 elementor-align-left elementor-widget elementor-widget-button\" data-id=\"c0ecf43\" data-element_type=\"widget\" data-e-type=\"widget\" data-widget_type=\"button.default\">\n\t\t\t\t\t\t\t\t\t\t<a class=\"elementor-button elementor-button-link elementor-size-sm\" href=\"#\">\n\t\t\t\t\t\t<span class=\"elementor-button-content-wrapper\">\n\t\t\t\t\t\t\t\t\t<span class=\"elementor-button-text\">mes r\u00e9alisations<\/span>\n\t\t\t\t\t<\/span>\n\t\t\t\t\t<\/a>\n\t\t\t\t\t\t\t\t<\/div>\n\t\t\t\t<\/div>\n\t\t<div class=\"elementor-element elementor-element-f3ab1ea e-con-full e-flex wpr-particle-no wpr-jarallax-no wpr-parallax-no wpr-sticky-section-no wpr-equal-height-no e-con e-child\" data-id=\"f3ab1ea\" data-element_type=\"container\" data-e-type=\"container\">\n\t\t\t\t<div class=\"elementor-element elementor-element-403b164 elementor-widget elementor-widget-image\" data-id=\"403b164\" data-element_type=\"widget\" data-e-type=\"widget\" data-widget_type=\"image.default\">\n\t\t\t\t\t\t\t\t\t\t\t\t\t\t\t<img decoding=\"async\" src=\"https:\/\/lmartetbois.fr\/wp-content\/uploads\/elementor\/thumbs\/clay-banks-tN1oFRA5saY-unsplash-scaled-rlwc7zrglfz89zxue8m6kstg4b5pqanw30rl7ch8j4.jpg\" title=\"\" alt=\"\" loading=\"lazy\" \/>\t\t\t\t\t\t\t\t\t\t\t\t\t\t\t<\/div>\n\t\t\t\t<\/div>\n\t\t\t\t\t<\/div>\n\t\t\t\t<\/div>\n\t\t<div class=\"elementor-element elementor-element-503c0d8 e-con-full e-flex wpr-particle-no wpr-jarallax-no wpr-parallax-no wpr-sticky-section-no wpr-equal-height-no e-con e-parent\" data-id=\"503c0d8\" data-element_type=\"container\" data-e-type=\"container\" data-settings=\"{&quot;background_background&quot;:&quot;classic&quot;}\">\n\t\t\t\t<div class=\"elementor-element elementor-element-332878e elementor-widget elementor-widget-spacer\" data-id=\"332878e\" data-element_type=\"widget\" data-e-type=\"widget\" data-widget_type=\"spacer.default\">\n\t\t\t\t\t\t\t<div class=\"elementor-spacer\">\n\t\t\t<div class=\"elementor-spacer-inner\"><\/div>\n\t\t<\/div>\n\t\t\t\t\t\t<\/div>\n\t\t<div class=\"elementor-element elementor-element-8c0033c e-flex e-con-boxed wpr-particle-no wpr-jarallax-no wpr-parallax-no wpr-sticky-section-no wpr-equal-height-no e-con e-child\" data-id=\"8c0033c\" data-element_type=\"container\" data-e-type=\"container\">\n\t\t\t\t\t<div class=\"e-con-inner\">\n\t\t\t\t<div class=\"elementor-element elementor-element-89d5b5a elementor-widget elementor-widget-heading\" data-id=\"89d5b5a\" data-element_type=\"widget\" data-e-type=\"widget\" data-widget_type=\"heading.default\">\n\t\t\t\t\t<h2 class=\"elementor-heading-title elementor-size-default\">Mes domaines d'expertise<\/h2>\t\t\t\t<\/div>\n\t\t\t\t<div class=\"elementor-element elementor-element-a693140 elementor-widget__width-initial elementor-widget elementor-widget-text-editor\" data-id=\"a693140\" data-element_type=\"widget\" data-e-type=\"widget\" data-widget_type=\"text-editor.default\">\n\t\t\t\t\t\t\t\t\t<p>Chaque projet est unique. Chaque pi\u00e8ce que je fabrique l&rsquo;est aussi. LM Art &amp; bois, c&rsquo;est avant tout une fabrication artisanale et durable. Une vision \u00e9co-responsable, des mat\u00e9riaux sourc\u00e9s et une approche respectueuse de l&rsquo;environnement.\u00a0<\/p>\t\t\t\t\t\t\t\t<\/div>\n\t\t\t\t\t<\/div>\n\t\t\t\t<\/div>\n\t\t<div class=\"elementor-element elementor-element-dda13f7 e-flex e-con-boxed wpr-particle-no wpr-jarallax-no wpr-parallax-no wpr-sticky-section-no wpr-equal-height-no e-con e-child\" data-id=\"dda13f7\" data-element_type=\"container\" data-e-type=\"container\">\n\t\t\t\t\t<div class=\"e-con-inner\">\n\t\t<div class=\"elementor-element elementor-element-90c95e9 e-con-full e-flex wpr-particle-no wpr-jarallax-no wpr-parallax-no wpr-sticky-section-no wpr-equal-height-no e-con e-child\" data-id=\"90c95e9\" data-element_type=\"container\" data-e-type=\"container\">\n\t\t<div class=\"elementor-element elementor-element-42becb8 e-con-full e-flex wpr-particle-no wpr-jarallax-no wpr-parallax-no wpr-sticky-section-no wpr-equal-height-no e-con e-child\" data-id=\"42becb8\" data-element_type=\"container\" data-e-type=\"container\">\n\t\t\t\t<div class=\"elementor-element elementor-element-0a19c02 elementor-widget__width-initial elementor-widget elementor-widget-heading\" data-id=\"0a19c02\" data-element_type=\"widget\" data-e-type=\"widget\" data-widget_type=\"heading.default\">\n\t\t\t\t\t<h2 class=\"elementor-heading-title elementor-size-default\">meubles sur mesure<\/h2>\t\t\t\t<\/div>\n\t\t\t\t<div class=\"elementor-element elementor-element-c468735 elementor-widget__width-initial elementor-widget elementor-widget-text-editor\" data-id=\"c468735\" data-element_type=\"widget\" data-e-type=\"widget\" data-widget_type=\"text-editor.default\">\n\t\t\t\t\t\t\t\t\t<p><b>De la conception \u00e0 la cr\u00e9ation, je r\u00e9alise des meubles sur mesure, imagin\u00e9s pour s\u2019int\u00e9grer pleinement \u00e0 votre int\u00e9rieur et \u00e0 votre mode de vie. Je redonne \u00e9galement vie \u00e0 vos meubles de famille, en les transformant ou adaptant \u00e0 son nouvel usage.<\/b><\/p>\t\t\t\t\t\t\t\t<\/div>\n\t\t\t\t<\/div>\n\t\t<div class=\"elementor-element elementor-element-132e03e e-con-full e-flex wpr-particle-no wpr-jarallax-no wpr-parallax-no wpr-sticky-section-no wpr-equal-height-no e-con e-child\" data-id=\"132e03e\" data-element_type=\"container\" data-e-type=\"container\" data-settings=\"{&quot;background_background&quot;:&quot;classic&quot;}\">\n\t\t\t\t<\/div>\n\t\t\t\t<\/div>\n\t\t<div class=\"elementor-element elementor-element-7283548 e-con-full e-flex wpr-particle-no wpr-jarallax-no wpr-parallax-no wpr-sticky-section-no wpr-equal-height-no e-con e-child\" data-id=\"7283548\" data-element_type=\"container\" data-e-type=\"container\">\n\t\t<div class=\"elementor-element elementor-element-5d435f3 e-con-full e-flex wpr-particle-no wpr-jarallax-no wpr-parallax-no wpr-sticky-section-no wpr-equal-height-no e-con e-child\" data-id=\"5d435f3\" data-element_type=\"container\" data-e-type=\"container\" data-settings=\"{&quot;background_background&quot;:&quot;classic&quot;}\">\n\t\t\t\t<\/div>\n\t\t<div class=\"elementor-element elementor-element-40018e1 e-con-full e-flex wpr-particle-no wpr-jarallax-no wpr-parallax-no wpr-sticky-section-no wpr-equal-height-no e-con e-child\" data-id=\"40018e1\" data-element_type=\"container\" data-e-type=\"container\">\n\t\t<div class=\"elementor-element elementor-element-2bdd5a3 e-con-full e-flex wpr-particle-no wpr-jarallax-no wpr-parallax-no wpr-sticky-section-no wpr-equal-height-no e-con e-child\" data-id=\"2bdd5a3\" data-element_type=\"container\" data-e-type=\"container\">\n\t\t\t\t<div class=\"elementor-element elementor-element-76b7557 elementor-widget__width-initial elementor-widget elementor-widget-heading\" data-id=\"76b7557\" data-element_type=\"widget\" data-e-type=\"widget\" data-widget_type=\"heading.default\">\n\t\t\t\t\t<h2 class=\"elementor-heading-title elementor-size-default\">Lampes &amp; objets design<\/h2>\t\t\t\t<\/div>\n\t\t\t\t<div class=\"elementor-element elementor-element-657a961 elementor-widget__width-initial elementor-widget elementor-widget-text-editor\" data-id=\"657a961\" data-element_type=\"widget\" data-e-type=\"widget\" data-widget_type=\"text-editor.default\">\n\t\t\t\t\t\t\t\t\t<p><b>Une id\u00e9e en t\u00eate ? Je cr\u00e9er des lampes &amp; objets en bois massifs qui trouvent leur \u00e9quilibre entre mati\u00e8re brute et lignes contemporaines. \u00c0 travers ces cr\u00e9ations, je cherche \u00e0 proposer des objets qui trouvent naturellement leur place, et respectent vos espaces de vie.<\/b><\/p>\t\t\t\t\t\t\t\t<\/div>\n\t\t\t\t<\/div>\n\t\t\t\t<\/div>\n\t\t\t\t<\/div>\n\t\t<div class=\"elementor-element elementor-element-e07768c e-con-full e-flex wpr-particle-no wpr-jarallax-no wpr-parallax-no wpr-sticky-section-no wpr-equal-height-no e-con e-child\" data-id=\"e07768c\" data-element_type=\"container\" data-e-type=\"container\">\n\t\t<div class=\"elementor-element elementor-element-798d448 e-con-full e-flex wpr-particle-no wpr-jarallax-no wpr-parallax-no wpr-sticky-section-no wpr-equal-height-no e-con e-child\" data-id=\"798d448\" data-element_type=\"container\" data-e-type=\"container\">\n\t\t\t\t<div class=\"elementor-element elementor-element-176a1b9 elementor-widget__width-initial elementor-widget elementor-widget-heading\" data-id=\"176a1b9\" data-element_type=\"widget\" data-e-type=\"widget\" data-widget_type=\"heading.default\">\n\t\t\t\t\t<h2 class=\"elementor-heading-title elementor-size-default\">Menuiserie \u00e9co-construction<\/h2>\t\t\t\t<\/div>\n\t\t\t\t<div class=\"elementor-element elementor-element-c79df2f elementor-widget__width-initial elementor-widget elementor-widget-text-editor\" data-id=\"c79df2f\" data-element_type=\"widget\" data-e-type=\"widget\" data-widget_type=\"text-editor.default\">\n\t\t\t\t\t\t\t\t\t<p><b>Je m\u2019attache \u00e0 imaginer des ouvrages \u00e0 la fois technique et sensibles. Des projets de<span class=\"Apple-converted-space\">\u00a0 <\/span>menuiserie sur mesure qui veillent \u00e0 conserver l\u2019\u00e2me de votre maison. <br \/>Escaliers, am\u00e9nagements atypiques; chaque ouvrage s\u2019int\u00e8gre harmonieusement \u00e0 l\u2019architecture du lien, pour en devenir une pi\u00e8ce maitresse.<\/b><\/p>\t\t\t\t\t\t\t\t<\/div>\n\t\t\t\t<\/div>\n\t\t<div class=\"elementor-element elementor-element-f39df8f e-con-full e-flex wpr-particle-no wpr-jarallax-no wpr-parallax-no wpr-sticky-section-no wpr-equal-height-no e-con e-child\" data-id=\"f39df8f\" data-element_type=\"container\" data-e-type=\"container\" data-settings=\"{&quot;background_background&quot;:&quot;classic&quot;}\">\n\t\t\t\t<\/div>\n\t\t\t\t<\/div>\n\t\t\t\t<div class=\"elementor-element elementor-element-a43eb1f elementor-widget elementor-widget-spacer\" data-id=\"a43eb1f\" data-element_type=\"widget\" data-e-type=\"widget\" data-widget_type=\"spacer.default\">\n\t\t\t\t\t\t\t<div class=\"elementor-spacer\">\n\t\t\t<div class=\"elementor-spacer-inner\"><\/div>\n\t\t<\/div>\n\t\t\t\t\t\t<\/div>\n\t\t\t\t\t<\/div>\n\t\t\t\t<\/div>\n\t\t\t\t<\/div>\n\t\t<div class=\"elementor-element elementor-element-3591db1 e-flex e-con-boxed wpr-particle-no wpr-jarallax-no wpr-parallax-no wpr-sticky-section-no wpr-equal-height-no e-con e-parent\" data-id=\"3591db1\" data-element_type=\"container\" data-e-type=\"container\" data-settings=\"{&quot;background_background&quot;:&quot;classic&quot;}\">\n\t\t\t\t\t<div class=\"e-con-inner\">\n\t\t\t\t<div class=\"elementor-element elementor-element-a83991a elementor-widget elementor-widget-heading\" data-id=\"a83991a\" data-element_type=\"widget\" data-e-type=\"widget\" data-widget_type=\"heading.default\">\n\t\t\t\t\t<h2 class=\"elementor-heading-title elementor-size-default\">l'atelier<\/h2>\t\t\t\t<\/div>\n\t\t<div class=\"elementor-element elementor-element-8a5878f e-flex e-con-boxed wpr-particle-no wpr-jarallax-no wpr-parallax-no wpr-sticky-section-no wpr-equal-height-no e-con e-child\" data-id=\"8a5878f\" data-element_type=\"container\" data-e-type=\"container\">\n\t\t\t\t\t<div class=\"e-con-inner\">\n\t\t<div class=\"elementor-element elementor-element-d99ff46 e-con-full e-flex wpr-particle-no wpr-jarallax-no wpr-parallax-no wpr-sticky-section-no wpr-equal-height-no e-con e-child\" data-id=\"d99ff46\" data-element_type=\"container\" data-e-type=\"container\">\n\t\t\t\t<div class=\"elementor-element elementor-element-5956e1f elementor-widget elementor-widget-image\" data-id=\"5956e1f\" data-element_type=\"widget\" data-e-type=\"widget\" data-widget_type=\"image.default\">\n\t\t\t\t\t\t\t\t\t\t\t\t\t\t\t<img decoding=\"async\" src=\"https:\/\/lmartetbois.fr\/wp-content\/uploads\/elementor\/thumbs\/pexels-shoreline-vehicles-2027799586-30871012-rm30sm3v6nbr8gwmybc866zf37dw8s3zfo92qfauc0.jpg\" title=\"\" alt=\"\" loading=\"lazy\" \/>\t\t\t\t\t\t\t\t\t\t\t\t\t\t\t<\/div>\n\t\t\t\t<div class=\"elementor-element elementor-element-8e40124 elementor-widget elementor-widget-text-editor\" data-id=\"8e40124\" data-element_type=\"widget\" data-e-type=\"widget\" data-widget_type=\"text-editor.default\">\n\t\t\t\t\t\t\t\t\t<p>Ici, chaque cr\u00e9ation est une rencontre entre l&rsquo;histoire du bois et celle des personnes qui le font revivre. Mon travail repose sur le respect des mati\u00e8res, l&rsquo;\u00e9co-construction, et la transmission d&rsquo;un savoir-faire artisanal.<\/p>\t\t\t\t\t\t\t\t<\/div>\n\t\t\t\t<div class=\"elementor-element elementor-element-0946272 elementor-align-center elementor-widget elementor-widget-button\" data-id=\"0946272\" data-element_type=\"widget\" data-e-type=\"widget\" data-widget_type=\"button.default\">\n\t\t\t\t\t\t\t\t\t\t<a class=\"elementor-button elementor-button-link elementor-size-sm\" href=\"#\">\n\t\t\t\t\t\t<span class=\"elementor-button-content-wrapper\">\n\t\t\t\t\t\t\t\t\t<span class=\"elementor-button-text\">d\u00e9couvrir l'atelier<\/span>\n\t\t\t\t\t<\/span>\n\t\t\t\t\t<\/a>\n\t\t\t\t\t\t\t\t<\/div>\n\t\t\t\t<\/div>\n\t\t<div class=\"elementor-element elementor-element-6228a0c e-con-full e-flex wpr-particle-no wpr-jarallax-no wpr-parallax-no wpr-sticky-section-no wpr-equal-height-no e-con e-child\" data-id=\"6228a0c\" data-element_type=\"container\" data-e-type=\"container\">\n\t\t\t\t<div class=\"elementor-element elementor-element-3dffc73 elementor-widget__width-initial elementor-widget elementor-widget-text-editor\" data-id=\"3dffc73\" data-element_type=\"widget\" data-e-type=\"widget\" data-widget_type=\"text-editor.default\">\n\t\t\t\t\t\t\t\t\t<p>Bas\u00e9e \u00e0 Languenan, dans les C\u00f4tes-d&rsquo;Armor, c&rsquo;est dans cet atelier que chaque projet prend vie.\u00a0<br \/>Depuis le premier coup de crayon jusqu&rsquo;\u00e0 la toute petite finition, chaque pi\u00e8ce est pens\u00e9e ici, entre terre et mer.<\/p><p>Un espace con\u00e7u pour imaginer, pour \u00e9changer, et pour cr\u00e9er vos plus beaux projets.<br \/><br \/>\u00c0 travers mon atelier, je fa\u00e7onne le bois avec patience, exigence et sensibilit\u00e9. <\/p>\t\t\t\t\t\t\t\t<\/div>\n\t\t\t\t<div class=\"elementor-element elementor-element-f870daf elementor-widget elementor-widget-google_maps\" data-id=\"f870daf\" data-element_type=\"widget\" data-e-type=\"widget\" data-widget_type=\"google_maps.default\">\n\t\t\t\t\t\t\t<div class=\"elementor-custom-embed\">\n\t\t\t<iframe loading=\"lazy\"\n\t\t\t\t\tsrc=\"https:\/\/maps.google.com\/maps?q=7%20la%20potinais%2022130%20Languenan&#038;t=m&#038;z=13&#038;output=embed&#038;iwloc=near\"\n\t\t\t\t\ttitle=\"7 la potinais 22130 Languenan\"\n\t\t\t\t\taria-label=\"7 la potinais 22130 Languenan\"\n\t\t\t><\/iframe>\n\t\t<\/div>\n\t\t\t\t\t\t<\/div>\n\t\t\t\t<\/div>\n\t\t\t\t\t<\/div>\n\t\t\t\t<\/div>\n\t\t\t\t\t<\/div>\n\t\t\t\t<\/div>\n\t\t<div class=\"elementor-element elementor-element-3955c59 e-flex e-con-boxed wpr-particle-no wpr-jarallax-no wpr-parallax-no wpr-sticky-section-no wpr-equal-height-no e-con e-parent\" data-id=\"3955c59\" data-element_type=\"container\" data-e-type=\"container\" data-settings=\"{&quot;background_background&quot;:&quot;classic&quot;}\">\n\t\t\t\t\t<div class=\"e-con-inner\">\n\t\t<div class=\"elementor-element elementor-element-b46a80d e-con-full e-flex wpr-particle-no wpr-jarallax-no wpr-parallax-no wpr-sticky-section-no wpr-equal-height-no e-con e-child\" data-id=\"b46a80d\" data-element_type=\"container\" data-e-type=\"container\">\n\t\t\t\t<div class=\"elementor-element elementor-element-7aa31e5 elementor-widget elementor-widget-heading\" data-id=\"7aa31e5\" data-element_type=\"widget\" data-e-type=\"widget\" data-widget_type=\"heading.default\">\n\t\t\t\t\t<h2 class=\"elementor-heading-title elementor-size-default\">Marion<\/h2>\t\t\t\t<\/div>\n\t\t<div class=\"elementor-element elementor-element-216272d e-con-full e-flex wpr-particle-no wpr-jarallax-no wpr-parallax-no wpr-sticky-section-no wpr-equal-height-no e-con e-child\" data-id=\"216272d\" data-element_type=\"container\" data-e-type=\"container\">\n\t\t<div class=\"elementor-element elementor-element-e278d1b e-con-full e-flex wpr-particle-no wpr-jarallax-no wpr-parallax-no wpr-sticky-section-no wpr-equal-height-no e-con e-child\" data-id=\"e278d1b\" data-element_type=\"container\" data-e-type=\"container\">\n\t\t\t\t<div class=\"elementor-element elementor-element-89f2493 elementor-widget__width-initial elementor-widget elementor-widget-text-editor\" data-id=\"89f2493\" data-element_type=\"widget\" data-e-type=\"widget\" data-widget_type=\"text-editor.default\">\n\t\t\t\t\t\t\t\t\t<p>Hello !<br \/>Moi, c\u2019est Marion.<\/p><p>Je suis sp\u00e9cialis\u00e9e dans la r\u00e9novation de mobilier, la cr\u00e9ation sur mesure et les objets design. <br \/>Ce qui m\u2019anime avant tout, c\u2019est de r\u00e9v\u00e9ler le potentiel de chaque pi\u00e8ce. <br \/>(Re)donner vie \u00e0 un meuble ancien, concevoir un escalier unique ou imaginer une lampe, chacune de mes r\u00e9alisations est pens\u00e9e dans le respect de son usage et de son origine.<\/p><p>Mon approche m\u00eale savoir-faire artisanal et inspiration contemporaine afin de vous proposer des pi\u00e8ces \u00e0 la fois fonctionnelles, esth\u00e9tiques et pleine de sens. <br \/>Chaque demande est unique. J\u2019imagine des solutions sur mesure, adapt\u00e9es \u00e0 chaque projet et \u00e0 chaque univers.<\/p><p>La menuiserie est pour moi une fa\u00e7on de cr\u00e9er un lien entre les mati\u00e8res, les objets et les personnes qui les font vivre.<\/p>\t\t\t\t\t\t\t\t<\/div>\n\t\t<div class=\"elementor-element elementor-element-5c58cbc e-con-full e-flex wpr-particle-no wpr-jarallax-no wpr-parallax-no wpr-sticky-section-no wpr-equal-height-no e-con e-child\" data-id=\"5c58cbc\" data-element_type=\"container\" data-e-type=\"container\" data-settings=\"{&quot;background_background&quot;:&quot;classic&quot;}\">\n\t\t\t\t<\/div>\n\t\t\t\t<\/div>\n\t\t\t\t<\/div>\n\t\t\t\t<\/div>\n\t\t\t\t\t<\/div>\n\t\t\t\t<\/div>\n\t\t<div class=\"elementor-element elementor-element-ee4a465 e-flex e-con-boxed wpr-particle-no wpr-jarallax-no wpr-parallax-no wpr-sticky-section-no wpr-equal-height-no e-con e-parent\" data-id=\"ee4a465\" data-element_type=\"container\" data-e-type=\"container\" data-settings=\"{&quot;background_background&quot;:&quot;classic&quot;,&quot;shape_divider_bottom&quot;:&quot;split&quot;}\">\n\t\t\t\t\t<div class=\"e-con-inner\">\n\t\t\t\t<div class=\"elementor-shape elementor-shape-bottom\" aria-hidden=\"true\" data-negative=\"false\">\n\t\t\t<svg xmlns=\"http:\/\/www.w3.org\/2000\/svg\" viewBox=\"0 0 1000 20\" preserveAspectRatio=\"none\">\n\t<path class=\"elementor-shape-fill\" d=\"M0,0v3c0,0,393.8,0,483.4,0c9.2,0,16.6,7.4,16.6,16.6c0-9.1,7.4-16.6,16.6-16.6C606.2,3,1000,3,1000,3V0H0z\"\/>\n<\/svg>\t\t<\/div>\n\t\t\t\t<div class=\"elementor-element elementor-element-1fe060b elementor-widget elementor-widget-text-editor\" data-id=\"1fe060b\" data-element_type=\"widget\" data-e-type=\"widget\" data-widget_type=\"text-editor.default\">\n\t\t\t\t\t\t\t\t\t<p>\u00ab J&rsquo;imagine chaque projet comme la rencontre d&rsquo;une histoire et d&rsquo;un lieu. \u00bb<\/p>\t\t\t\t\t\t\t\t<\/div>\n\t\t\t\t<div class=\"elementor-element elementor-element-ea29149 elementor-widget elementor-widget-button\" data-id=\"ea29149\" data-element_type=\"widget\" data-e-type=\"widget\" data-widget_type=\"button.default\">\n\t\t\t\t\t\t\t\t\t\t<a class=\"elementor-button elementor-button-link elementor-size-sm\" href=\"#\">\n\t\t\t\t\t\t<span class=\"elementor-button-content-wrapper\">\n\t\t\t\t\t\t\t\t\t<span class=\"elementor-button-text\">me contacter<\/span>\n\t\t\t\t\t<\/span>\n\t\t\t\t\t<\/a>\n\t\t\t\t\t\t\t\t<\/div>\n\t\t\t\t\t<\/div>\n\t\t\t\t<\/div>\n\t\t\t\t<\/div>\n\t\t","protected":false},"excerpt":{"rendered":"<p>Menuiserie en C\u00f4tes-d&rsquo;Armor Artisan cr\u00e9ateur, je donne une seconde vie au bois \u00e0 travers des meubles sur mesure, des lampes design et des am\u00e9nagements int\u00e9rieur et ext\u00e9rieur respectueux de l&rsquo;environnement. mes r\u00e9alisations Mes domaines d&rsquo;expertise Chaque projet est unique. Chaque pi\u00e8ce que je fabrique l&rsquo;est aussi. LM Art &amp; bois, c&rsquo;est avant tout une fabrication artisanale et durable. Une vision \u00e9co-responsable, des mat\u00e9riaux sourc\u00e9s et une approche respectueuse de l&rsquo;environnement.\u00a0 meubles sur mesure De la conception \u00e0 la cr\u00e9ation, je r\u00e9alise des meubles sur mesure, imagin\u00e9s pour s\u2019int\u00e9grer pleinement \u00e0 votre int\u00e9rieur et \u00e0 votre mode de vie. Je redonne \u00e9galement vie \u00e0 vos meubles de famille, en les transformant ou adaptant \u00e0 son nouvel usage. Lampes &amp; objets design Une id\u00e9e en t\u00eate ? Je cr\u00e9er des lampes &amp; objets en bois massifs qui trouvent leur \u00e9quilibre entre mati\u00e8re brute et lignes contemporaines. \u00c0 travers ces cr\u00e9ations, je cherche \u00e0 proposer des objets qui trouvent naturellement leur place, et respectent vos espaces de vie. Menuiserie \u00e9co-construction Je m\u2019attache \u00e0 imaginer des ouvrages \u00e0 la fois technique et sensibles. Des projets de\u00a0 menuiserie sur mesure qui veillent \u00e0 conserver l\u2019\u00e2me de votre maison. Escaliers, am\u00e9nagements atypiques; chaque ouvrage s\u2019int\u00e8gre harmonieusement \u00e0 l\u2019architecture du lien, pour en devenir une pi\u00e8ce maitresse. l&rsquo;atelier Ici, chaque cr\u00e9ation est une rencontre entre l&rsquo;histoire du bois et celle des personnes qui le font revivre. Mon travail repose sur le respect des mati\u00e8res, l&rsquo;\u00e9co-construction, et la transmission d&rsquo;un savoir-faire artisanal. d\u00e9couvrir l&rsquo;atelier Bas\u00e9e \u00e0 Languenan, dans les C\u00f4tes-d&rsquo;Armor, c&rsquo;est dans cet atelier que chaque projet prend vie.\u00a0Depuis le premier coup de crayon jusqu&rsquo;\u00e0 la toute petite finition, chaque pi\u00e8ce est pens\u00e9e ici, entre terre et mer. Un espace con\u00e7u pour imaginer, pour \u00e9changer, et pour cr\u00e9er vos plus beaux projets. \u00c0 travers mon atelier, je fa\u00e7onne le bois avec patience, exigence et sensibilit\u00e9. Marion Hello !Moi, c\u2019est Marion. Je suis sp\u00e9cialis\u00e9e dans la r\u00e9novation de mobilier, la cr\u00e9ation sur mesure et les objets design. Ce qui m\u2019anime avant tout, c\u2019est de r\u00e9v\u00e9ler le potentiel de chaque pi\u00e8ce. (Re)donner vie \u00e0 un meuble ancien, concevoir un escalier unique ou imaginer une lampe, chacune de mes r\u00e9alisations est pens\u00e9e dans le respect de son usage et de son origine. Mon approche m\u00eale savoir-faire artisanal et inspiration contemporaine afin de vous proposer des pi\u00e8ces \u00e0 la fois fonctionnelles, esth\u00e9tiques et pleine de sens. Chaque demande est unique. J\u2019imagine des solutions sur mesure, adapt\u00e9es \u00e0 chaque projet et \u00e0 chaque univers. La menuiserie est pour moi une fa\u00e7on de cr\u00e9er un lien entre les mati\u00e8res, les objets et les personnes qui les font vivre. \u00ab J&rsquo;imagine chaque projet comme la rencontre d&rsquo;une histoire et d&rsquo;un lieu. \u00bb me contacter<\/p>\n","protected":false},"author":1,"featured_media":0,"parent":0,"menu_order":0,"comment_status":"closed","ping_status":"closed","template":"elementor_canvas","meta":{"footnotes":""},"class_list":["post-63","page","type-page","status-publish","hentry"],"_links":{"self":[{"href":"https:\/\/lmartetbois.fr\/index.php\/wp-json\/wp\/v2\/pages\/63","targetHints":{"allow":["GET"]}}],"collection":[{"href":"https:\/\/lmartetbois.fr\/index.php\/wp-json\/wp\/v2\/pages"}],"about":[{"href":"https:\/\/lmartetbois.fr\/index.php\/wp-json\/wp\/v2\/types\/page"}],"author":[{"embeddable":true,"href":"https:\/\/lmartetbois.fr\/index.php\/wp-json\/wp\/v2\/users\/1"}],"replies":[{"embeddable":true,"href":"https:\/\/lmartetbois.fr\/index.php\/wp-json\/wp\/v2\/comments?post=63"}],"version-history":[{"count":240,"href":"https:\/\/lmartetbois.fr\/index.php\/wp-json\/wp\/v2\/pages\/63\/revisions"}],"predecessor-version":[{"id":616,"href":"https:\/\/lmartetbois.fr\/index.php\/wp-json\/wp\/v2\/pages\/63\/revisions\/616"}],"wp:attachment":[{"href":"https:\/\/lmartetbois.fr\/index.php\/wp-json\/wp\/v2\/media?parent=63"}],"curies":[{"name":"wp","href":"https:\/\/api.w.org\/{rel}","templated":true}]}}